{"id":35,"date":"2017-09-27T15:06:33","date_gmt":"2017-09-27T13:06:33","guid":{"rendered":"https:\/\/carrier-geometre.com\/site\/?page_id=35"},"modified":"2023-10-15T18:55:17","modified_gmt":"2023-10-15T16:55:17","slug":"professionnels","status":"publish","type":"page","link":"https:\/\/carrier-geometre.com\/site\/index.php\/accueil\/professionnels\/","title":{"rendered":"Professionnels"},"content":{"rendered":"<div class=\"wpb-content-wrapper\"><p>[vc_row full_width=&#8221;stretch_row_content_no_spaces&#8221; css=&#8221;.vc_custom_1513762955315{margin-bottom: 30px !important;padding-top: 10px !important;padding-right: 10px !important;padding-bottom: 10px !important;padding-left: 10px !important;background-color: #5a4f4a !important;}&#8221;][vc_column offset=&#8221;vc_hidden-lg vc_hidden-md vc_hidden-sm&#8221;][vc_raw_html css=&#8221;.vc_custom_1513844403394{margin-top: 10px !important;margin-bottom: 10px !important;}&#8221;]JTNDY2VudGVyJTNFJTBBJTNDZm9udCUyMGNvbG9yJTNEJTIyJTIzYzlkMjAwJTIyJTNFJTNDZGl2JTIwY2xhc3MlM0QlMjJpY29uJTIyJTNFJTNDaSUyMGNsYXNzJTNEJTIyZmElMjBzdG0tcXVvdGUyJTIyJTNFJTIwQ29udGFjdCUzQyUyRmklM0UlM0MlMkZkaXYlM0UlM0MlMkZmb250JTNFJTBBJTNDZGl2JTIwY2xhc3MlM0QlMjJ0ZXh0JTIyJTNFJTNDc3Ryb25nJTNFJTNDYiUzRTA0JTIwNTAlMjAwMyUyMDAxJTIwMDAlM0MlMkZiJTNFJTIwJUUyJTgwJUEyJTIwJTNDYSUyMGhyZWYlM0QlMjJtYWlsdG8lM0FpbmZvJTQwY2Fycmllci1nZW9tZXRyZS5jb20lM0ZzdWJqZWN0JTNEQ29udGFjdCUyNTIwU2l0ZSUyNTIwV2ViJTIyJTIwdGFyZ2V0JTNEJTIyX3RvcCUyMiUzRWluZm8lNDBjYXJyaWVyLWdlb21ldHJlLmNvbSUzQyUyRmElM0UlM0MlMkZzdHJvbmclM0UlM0MlMkZkaXYlM0UlMEElM0MlMkZjZW50ZXIlM0U=[\/vc_raw_html][\/vc_column][\/vc_row][vc_row][vc_column][vc_custom_heading text=&#8221;PROFESSIONNELS&#8221; font_container=&#8221;tag:h2|font_size:45px|text_align:center|line_height:60px&#8221; use_theme_fonts=&#8221;yes&#8221; el_class=&#8221;base_font_color&#8221; css=&#8221;.vc_custom_1513844610587{margin-top: 20px !important;margin-bottom: 28px !important;}&#8221; subtitle=&#8221;D\u00e9veloppez vos id\u00e9es et vos projets avec un partenaire expert !&#8221; el_id=&#8221;titrepro&#8221;][\/vc_column][\/vc_row][vc_row gap=&#8221;20&#8243; css=&#8221;.vc_custom_1510130623954{margin-bottom: 35px !important;}&#8221;][vc_column width=&#8221;2\/3&#8243;][vc_column_text]<\/p>\n<h5>Vous \u00eates un promoteur ou un agent immobilier, un architecte, un urbaniste, un notaire, une entreprise de BTP ou construction et vous d\u00e9veloppez un projet n\u00e9cessitant l\u2019expertise d\u2019un g\u00e9om\u00e8tre-expert ?<\/h5>\n<p>Le cabinet CARRIER G\u00e9om\u00e8tres Experts apporte une prestation personnalis\u00e9e \u00e0 tous les professionnels qui ont besoin des services d\u2019un g\u00e9om\u00e8tre-expert. Nous r\u00e9alisons toutes les activit\u00e9s li\u00e9es \u00e0 notre m\u00e9tier et d\u00e9veloppons notre expertise et nos savoir-faire pour apporter des r\u00e9ponses efficaces et innovantes \u00e0 nos clients.[\/vc_column_text][vc_separator style=&#8221;dotted&#8221;][vc_btn title=&#8221;Prenez contact avec une de nos agences&#8221; color=&#8221;default&#8221; size=&#8221;lg&#8221; align=&#8221;left&#8221; i_icon_fontawesome=&#8221;fa fa-comments&#8221; css_animation=&#8221;bounceIn&#8221; add_icon=&#8221;true&#8221; link=&#8221;url:http%3A%2F%2Fcarrier-geometre.com%2Fsite%2Findex.php%2Fcontact%2F|||&#8221;][\/vc_column][vc_column width=&#8221;1\/3&#8243; css=&#8221;.vc_custom_1510131205682{padding-top: 30px !important;}&#8221;][vc_single_image image=&#8221;2243&#8243; img_size=&#8221;large&#8221; onclick=&#8221;link_image&#8221;][\/vc_column][\/vc_row][vc_row full_width=&#8221;stretch_row_content_no_spaces&#8221; css_animation=&#8221;none&#8221; css=&#8221;.vc_custom_1510130960295{background-color: #f4f4f4 !important;}&#8221;][vc_column css_animation=&#8221;flipInX&#8221; width=&#8221;1\/2&#8243;][vc_single_image image=&#8221;3271&#8243; img_size=&#8221;large&#8221; css_animation=&#8221;none&#8221;][\/vc_column][vc_column width=&#8221;1\/2&#8243;][stm_quote quote=&#8221;Un sens de la pr\u00e9cision cultiv\u00e9 !&#8221; author_name=&#8221;Cabinet CARRIER G\u00e9om\u00e8tres Experts&#8221; css=&#8221;.vc_custom_1697388803271{margin-top: 70px !important;margin-right: 60px !important;margin-bottom: 70px !important;margin-left: 60px !important;}&#8221; image=&#8221;3096&#8243; author_status=&#8221;Votre partenaire tout terrain !&#8221;][\/vc_column][\/vc_row][vc_row gap=&#8221;20&#8243; css=&#8221;.vc_custom_1510132078284{margin-top: 40px !important;}&#8221;][vc_column width=&#8221;1\/2&#8243;][vc_column_text]<\/p>\n<h5><strong>Une expertise de qualit\u00e9<\/strong><\/h5>\n<p>Nous sommes \u00e9quip\u00e9s de mat\u00e9riels modernes et de derni\u00e8re g\u00e9n\u00e9ration afin d\u2019assurer un rendu de grande qualit\u00e9 et de haute pr\u00e9cision. Toutes nos prestations sont r\u00e9alis\u00e9es dans le respect des r\u00e8gles \u00e9dit\u00e9 par l\u2019Ordre des G\u00e9om\u00e8tres Experts.<\/p>\n<p>[\/vc_column_text][\/vc_column][vc_column width=&#8221;1\/2&#8243;][vc_column_text]<\/p>\n<h5><strong>Une \u00e9quipe de g\u00e9om\u00e8tres experts r\u00e9active<\/strong><\/h5>\n<p>Avec notre \u00e9quipe nous sommes capables de r\u00e9pondre \u00e0 vos demandes urgentes ou complexes. La satisfaction de nos clients est notre priorit\u00e9. Nous pouvons mobiliser tout nos savoir-faire de fa\u00e7on tr\u00e8s r\u00e9active afin que vous puissiez satisfaire vos mandataires.[\/vc_column_text][\/vc_column][\/vc_row][vc_row][vc_column][vc_empty_space height=&#8221;20&#8243;][vc_separator style=&#8221;dotted&#8221;][\/vc_column][\/vc_row][vc_row css=&#8221;.vc_custom_1511447195254{margin-top: 10px !important;}&#8221;][vc_column width=&#8221;1\/2&#8243; css=&#8221;.vc_custom_1511447146803{margin-top: 10px !important;}&#8221;][vc_btn title=&#8221;D\u00e9couvrez tous nos services et prestations&#8221; color=&#8221;default&#8221; size=&#8221;lg&#8221; align=&#8221;left&#8221; i_icon_fontawesome=&#8221;fa fa-search-plus&#8221; css_animation=&#8221;bounceIn&#8221; add_icon=&#8221;true&#8221; link=&#8221;url:http%3A%2F%2Fcarrier-geometre.com%2Fsite%2Findex.php%2Fnos-metiers-savoir-faire%2F|||&#8221;][\/vc_column][vc_column width=&#8221;1\/2&#8243; css=&#8221;.vc_custom_1511447154583{margin-top: 10px !important;}&#8221;][vc_btn title=&#8221;Plus d&#8217;infos sur le cabinet&#8221; color=&#8221;default&#8221; size=&#8221;lg&#8221; align=&#8221;left&#8221; i_icon_fontawesome=&#8221;fa fa-info-circle&#8221; css_animation=&#8221;bounceIn&#8221; add_icon=&#8221;true&#8221; link=&#8221;url:http%3A%2F%2Fcarrier-geometre.com%2Fsite%2Findex.php%2Fle-cabinet%2F|||&#8221;][\/vc_column][\/vc_row]<\/p>\n<\/div>","protected":false},"excerpt":{"rendered":"<p>[vc_row full_width=&#8221;stretch_row_content_no_spaces&#8221; css=&#8221;.vc_custom_1513762955315{margin-bottom: 30px !important;padding-top: 10px !important;padding-right: 10px !important;padding-bottom: 10px !important;padding-left: 10px !important;background-color: #5a4f4a !important;}&#8221;][vc_column offset=&#8221;vc_hidden-lg vc_hidden-md vc_hidden-sm&#8221;][vc_raw_html css=&#8221;.vc_custom_1513844403394{margin-top: 10px !important;margin-bottom: 10px !important;}&#8221;]JTNDY2VudGVyJTNFJTBBJTNDZm9udCUyMGNvbG9yJTNEJTIyJTIzYzlkMjAwJTIyJTNFJTNDZGl2JTIwY2xhc3MlM0QlMjJpY29uJTIyJTNFJTNDaSUyMGNsYXNzJTNEJTIyZmElMjBzdG0tcXVvdGUyJTIyJTNFJTIwQ29udGFjdCUzQyUyRmklM0UlM0MlMkZkaXYlM0UlM0MlMkZmb250JTNFJTBBJTNDZGl2JTIwY2xhc3MlM0QlMjJ0ZXh0JTIyJTNFJTNDc3Ryb25nJTNFJTNDYiUzRTA0JTIwNTAlMjAwMyUyMDAxJTIwMDAlM0MlMkZiJTNFJTIwJUUyJTgwJUEyJTIwJTNDYSUyMGhyZWYlM0QlMjJtYWlsdG8lM0FpbmZvJTQwY2Fycmllci1nZW9tZXRyZS5jb20lM0ZzdWJqZWN0JTNEQ29udGFjdCUyNTIwU2l0ZSUyNTIwV2ViJTIyJTIwdGFyZ2V0JTNEJTIyX3RvcCUyMiUzRWluZm8lNDBjYXJyaWVyLWdlb21ldHJlLmNvbSUzQyUyRmElM0UlM0MlMkZzdHJvbmclM0UlM0MlMkZkaXYlM0UlMEElM0MlMkZjZW50ZXIlM0U=[\/vc_raw_html][\/vc_column][\/vc_row][vc_row][vc_column][vc_custom_heading text=&#8221;PROFESSIONNELS&#8221; font_container=&#8221;tag:h2|font_size:45px|text_align:center|line_height:60px&#8221; use_theme_fonts=&#8221;yes&#8221; el_class=&#8221;base_font_color&#8221; css=&#8221;.vc_custom_1513844610587{margin-top: 20px !important;margin-bottom: 28px !important;}&#8221; subtitle=&#8221;D\u00e9veloppez vos id\u00e9es et vos projets avec un partenaire expert !&#8221; el_id=&#8221;titrepro&#8221;][\/vc_column][\/vc_row][vc_row gap=&#8221;20&#8243; css=&#8221;.vc_custom_1510130623954{margin-bottom: 35px !important;}&#8221;][vc_column width=&#8221;2\/3&#8243;][vc_column_text] Vous \u00eates un promoteur ou un<\/p>\n","protected":false},"author":1,"featured_media":0,"parent":22,"menu_order":2,"comment_status":"closed","ping_status":"closed","template":"","meta":{"_exactmetrics_skip_tracking":false,"_exactmetrics_sitenote_active":false,"_exactmetrics_sitenote_note":"","_exactmetrics_sitenote_category":0,"jetpack_post_was_ever_published":false,"footnotes":""},"jetpack_shortlink":"https:\/\/wp.me\/P9s1Uj-z","jetpack_sharing_enabled":true,"jetpack_likes_enabled":true,"_links":{"self":[{"href":"https:\/\/carrier-geometre.com\/site\/index.php\/wp-json\/wp\/v2\/pages\/35"}],"collection":[{"href":"https:\/\/carrier-geometre.com\/site\/index.php\/wp-json\/wp\/v2\/pages"}],"about":[{"href":"https:\/\/carrier-geometre.com\/site\/index.php\/wp-json\/wp\/v2\/types\/page"}],"author":[{"embeddable":true,"href":"https:\/\/carrier-geometre.com\/site\/index.php\/wp-json\/wp\/v2\/users\/1"}],"replies":[{"embeddable":true,"href":"https:\/\/carrier-geometre.com\/site\/index.php\/wp-json\/wp\/v2\/comments?post=35"}],"version-history":[{"count":44,"href":"https:\/\/carrier-geometre.com\/site\/index.php\/wp-json\/wp\/v2\/pages\/35\/revisions"}],"predecessor-version":[{"id":3318,"href":"https:\/\/carrier-geometre.com\/site\/index.php\/wp-json\/wp\/v2\/pages\/35\/revisions\/3318"}],"up":[{"embeddable":true,"href":"https:\/\/carrier-geometre.com\/site\/index.php\/wp-json\/wp\/v2\/pages\/22"}],"wp:attachment":[{"href":"https:\/\/carrier-geometre.com\/site\/index.php\/wp-json\/wp\/v2\/media?parent=35"}],"curies":[{"name":"wp","href":"https:\/\/api.w.org\/{rel}","templated":true}]}}